{"id":87,"date":"2024-06-26T18:42:03","date_gmt":"2024-06-26T18:42:03","guid":{"rendered":"https:\/\/hertracker-f5dc8b.ingress-daribow.ewp.live\/?page_id=87"},"modified":"2025-04-11T17:41:35","modified_gmt":"2025-04-11T17:41:35","slug":"home","status":"publish","type":"page","link":"https:\/\/hertracker.com\/ro\/","title":{"rendered":"Cas\u0103"},"content":{"rendered":"<div data-elementor-type=\"wp-page\" data-elementor-id=\"87\" class=\"elementor elementor-87\" data-elementor-post-type=\"page\">\n\t\t\t\t<div class=\"elementor-element elementor-element-48594a40 e-flex e-con-boxed e-con e-parent\" data-id=\"48594a40\" data-element_type=\"container\" data-settings=\"{&quot;background_background&quot;:&quot;classic&quot;}\">\n\t\t\t\t\t<div class=\"e-con-inner\">\n\t\t<div class=\"elementor-element elementor-element-3c7c2280 e-con-full e-flex e-con e-child\" data-id=\"3c7c2280\" data-element_type=\"container\" data-settings=\"{&quot;animation&quot;:&quot;none&quot;,&quot;animation_mobile&quot;:&quot;none&quot;}\">\n\t\t\t\t<div class=\"elementor-element elementor-element-7277678 elementor-widget elementor-widget-heading\" data-id=\"7277678\" data-element_type=\"widget\" data-widget_type=\"heading.default\">\n\t\t\t\t<div class=\"elementor-widget-container\">\n\t\t\t\t\t<h6 class=\"elementor-heading-title elementor-size-default\">Ciclul t\u0103u \u00eenseamn\u0103 mai mult dec\u00e2t crezi.<\/h6>\t\t\t\t<\/div>\n\t\t\t\t<\/div>\n\t\t\t\t<div class=\"elementor-element elementor-element-2c1149ea elementor-widget__width-initial elementor-widget elementor-widget-heading\" data-id=\"2c1149ea\" data-element_type=\"widget\" data-widget_type=\"heading.default\">\n\t\t\t\t<div class=\"elementor-widget-container\">\n\t\t\t\t\t<h1 class=\"elementor-heading-title elementor-size-default\">\u00cenflorind \u00een ciclul t\u0103u menstrual<\/h1>\t\t\t\t<\/div>\n\t\t\t\t<\/div>\n\t\t\t\t<div class=\"elementor-element elementor-element-7f622137 elementor-widget elementor-widget-heading\" data-id=\"7f622137\" data-element_type=\"widget\" data-widget_type=\"heading.default\">\n\t\t\t\t<div class=\"elementor-widget-container\">\n\t\t\t\t\t<div class=\"elementor-heading-title elementor-size-default\"><b>Construie\u0219te<\/b> obiceiuri s\u0103n\u0103toase, <b>urm\u0103re\u0219te-\u021bi<\/b> ciclul \u0219i <b>fii inspirat\u0103<\/b> zilnic.<\/div>\t\t\t\t<\/div>\n\t\t\t\t<\/div>\n\t\t<div class=\"elementor-element elementor-element-2ed69be elementor-hidden-mobile e-flex e-con-boxed e-con e-child\" data-id=\"2ed69be\" data-element_type=\"container\" data-no-translation=\"\">\n\t\t\t\t\t<div class=\"e-con-inner\">\n\t\t\t\t<div class=\"elementor-element elementor-element-571986e elementor-widget elementor-widget-image\" data-id=\"571986e\" data-element_type=\"widget\" data-widget_type=\"image.default\">\n\t\t\t\t<div class=\"elementor-widget-container\">\n\t\t\t\t\t\t\t\t\t\t\t\t\t\t\t\t<a href=\"https:\/\/apps.apple.com\/us\/app\/hertracker\/id6740878458\">\n\t\t\t\t\t\t\t<img fetchpriority=\"high\" decoding=\"async\" width=\"800\" height=\"238\" src=\"https:\/\/hertracker.com\/wp-content\/uploads\/2025\/02\/App-Store.png\" class=\"attachment-large size-large wp-image-1569\" alt=\"\" srcset=\"https:\/\/hertracker.com\/wp-content\/uploads\/2025\/02\/App-Store.png 801w, https:\/\/hertracker.com\/wp-content\/uploads\/2025\/02\/App-Store-300x89.png 300w, https:\/\/hertracker.com\/wp-content\/uploads\/2025\/02\/App-Store-768x228.png 768w, https:\/\/hertracker.com\/wp-content\/uploads\/2025\/02\/App-Store-18x5.png 18w\" sizes=\"(max-width: 800px) 100vw, 800px\" \/>\t\t\t\t\t\t\t\t<\/a>\n\t\t\t\t\t\t\t\t\t\t\t\t\t\t\t<\/div>\n\t\t\t\t<\/div>\n\t\t\t\t<div class=\"elementor-element elementor-element-4302fa7 elementor-widget elementor-widget-image\" data-id=\"4302fa7\" data-element_type=\"widget\" data-widget_type=\"image.default\">\n\t\t\t\t<div class=\"elementor-widget-container\">\n\t\t\t\t\t\t\t\t\t\t\t\t\t\t\t\t<a href=\"https:\/\/play.google.com\/store\/apps\/details?id=com.hertracker\">\n\t\t\t\t\t\t\t<img decoding=\"async\" width=\"800\" height=\"238\" src=\"https:\/\/hertracker.com\/wp-content\/uploads\/2025\/02\/Play-Store.png\" class=\"attachment-large size-large wp-image-1568\" alt=\"\" srcset=\"https:\/\/hertracker.com\/wp-content\/uploads\/2025\/02\/Play-Store.png 800w, https:\/\/hertracker.com\/wp-content\/uploads\/2025\/02\/Play-Store-300x89.png 300w, https:\/\/hertracker.com\/wp-content\/uploads\/2025\/02\/Play-Store-768x228.png 768w, https:\/\/hertracker.com\/wp-content\/uploads\/2025\/02\/Play-Store-18x5.png 18w\" sizes=\"(max-width: 800px) 100vw, 800px\" \/>\t\t\t\t\t\t\t\t<\/a>\n\t\t\t\t\t\t\t\t\t\t\t\t\t\t\t<\/div>\n\t\t\t\t<\/div>\n\t\t\t\t\t<\/div>\n\t\t\t\t<\/div>\n\t\t\t\t<\/div>\n\t\t<div class=\"elementor-element elementor-element-23b4ea8 e-con-full elementor-hidden-tablet elementor-hidden-mobile e-flex e-con e-child\" data-id=\"23b4ea8\" data-element_type=\"container\" data-settings=\"{&quot;animation_mobile&quot;:&quot;none&quot;}\">\n\t\t\t\t<div class=\"elementor-element elementor-element-06ad10b elementor-widget elementor-widget-image\" data-id=\"06ad10b\" data-element_type=\"widget\" data-settings=\"{&quot;_animation_mobile&quot;:&quot;fadeInLeft&quot;}\" data-widget_type=\"image.default\">\n\t\t\t\t<div class=\"elementor-widget-container\">\n\t\t\t\t\t\t\t\t\t\t\t\t\t\t\t<img decoding=\"async\" width=\"800\" height=\"847\" src=\"https:\/\/hertracker.com\/wp-content\/uploads\/2025\/04\/Homepage_Screenshots-967x1024.png\" class=\"attachment-large size-large wp-image-1589\" alt=\"\" srcset=\"https:\/\/hertracker.com\/wp-content\/uploads\/2025\/04\/Homepage_Screenshots-967x1024.png 967w, https:\/\/hertracker.com\/wp-content\/uploads\/2025\/04\/Homepage_Screenshots-283x300.png 283w, https:\/\/hertracker.com\/wp-content\/uploads\/2025\/04\/Homepage_Screenshots-768x813.png 768w, https:\/\/hertracker.com\/wp-content\/uploads\/2025\/04\/Homepage_Screenshots-1451x1536.png 1451w, https:\/\/hertracker.com\/wp-content\/uploads\/2025\/04\/Homepage_Screenshots-1935x2048.png 1935w, https:\/\/hertracker.com\/wp-content\/uploads\/2025\/04\/Homepage_Screenshots-11x12.png 11w\" sizes=\"(max-width: 800px) 100vw, 800px\" \/>\t\t\t\t\t\t\t\t\t\t\t\t\t\t\t<\/div>\n\t\t\t\t<\/div>\n\t\t\t\t<\/div>\n\t\t<div class=\"elementor-element elementor-element-40fad0f e-con-full elementor-hidden-desktop e-flex e-con e-child\" data-id=\"40fad0f\" data-element_type=\"container\" data-settings=\"{&quot;animation_mobile&quot;:&quot;none&quot;}\">\n\t\t\t\t<div class=\"elementor-element elementor-element-c0944ac elementor-widget elementor-widget-image\" data-id=\"c0944ac\" data-element_type=\"widget\" data-settings=\"{&quot;_animation_mobile&quot;:&quot;none&quot;}\" data-widget_type=\"image.default\">\n\t\t\t\t<div class=\"elementor-widget-container\">\n\t\t\t\t\t\t\t\t\t\t\t\t\t\t\t<img loading=\"lazy\" decoding=\"async\" width=\"800\" height=\"932\" src=\"https:\/\/hertracker.com\/wp-content\/uploads\/2025\/04\/iPhone_Homepage_Screenshots_Mobile-879x1024.png\" class=\"attachment-large size-large wp-image-1590\" alt=\"\" srcset=\"https:\/\/hertracker.com\/wp-content\/uploads\/2025\/04\/iPhone_Homepage_Screenshots_Mobile-879x1024.png 879w, https:\/\/hertracker.com\/wp-content\/uploads\/2025\/04\/iPhone_Homepage_Screenshots_Mobile-258x300.png 258w, https:\/\/hertracker.com\/wp-content\/uploads\/2025\/04\/iPhone_Homepage_Screenshots_Mobile-768x894.png 768w, https:\/\/hertracker.com\/wp-content\/uploads\/2025\/04\/iPhone_Homepage_Screenshots_Mobile-1319x1536.png 1319w, https:\/\/hertracker.com\/wp-content\/uploads\/2025\/04\/iPhone_Homepage_Screenshots_Mobile-1759x2048.png 1759w, https:\/\/hertracker.com\/wp-content\/uploads\/2025\/04\/iPhone_Homepage_Screenshots_Mobile-10x12.png 10w\" sizes=\"(max-width: 800px) 100vw, 800px\" \/>\t\t\t\t\t\t\t\t\t\t\t\t\t\t\t<\/div>\n\t\t\t\t<\/div>\n\t\t\t\t<\/div>\n\t\t<div class=\"elementor-element elementor-element-19befcd e-grid e-con-full elementor-hidden-desktop e-con e-child\" data-id=\"19befcd\" data-element_type=\"container\" data-no-translation=\"\">\n\t\t\t\t<div class=\"elementor-element elementor-element-380e92b elementor-widget elementor-widget-image\" data-id=\"380e92b\" data-element_type=\"widget\" data-widget_type=\"image.default\">\n\t\t\t\t<div class=\"elementor-widget-container\">\n\t\t\t\t\t\t\t\t\t\t\t\t\t\t\t\t<a href=\"https:\/\/apps.apple.com\/app\/hertracker\/id6740878458\">\n\t\t\t\t\t\t\t<img fetchpriority=\"high\" decoding=\"async\" width=\"800\" height=\"238\" src=\"https:\/\/hertracker.com\/wp-content\/uploads\/2025\/02\/App-Store.png\" class=\"attachment-large size-large wp-image-1569\" alt=\"\" srcset=\"https:\/\/hertracker.com\/wp-content\/uploads\/2025\/02\/App-Store.png 801w, https:\/\/hertracker.com\/wp-content\/uploads\/2025\/02\/App-Store-300x89.png 300w, https:\/\/hertracker.com\/wp-content\/uploads\/2025\/02\/App-Store-768x228.png 768w, https:\/\/hertracker.com\/wp-content\/uploads\/2025\/02\/App-Store-18x5.png 18w\" sizes=\"(max-width: 800px) 100vw, 800px\" \/>\t\t\t\t\t\t\t\t<\/a>\n\t\t\t\t\t\t\t\t\t\t\t\t\t\t\t<\/div>\n\t\t\t\t<\/div>\n\t\t\t\t<div class=\"elementor-element elementor-element-3982da3 elementor-widget elementor-widget-image\" data-id=\"3982da3\" data-element_type=\"widget\" data-widget_type=\"image.default\">\n\t\t\t\t<div class=\"elementor-widget-container\">\n\t\t\t\t\t\t\t\t\t\t\t\t\t\t\t\t<a href=\"https:\/\/play.google.com\/store\/apps\/details?id=com.hertracker&#038;pcampaignid=web_share\">\n\t\t\t\t\t\t\t<img decoding=\"async\" width=\"800\" height=\"238\" src=\"https:\/\/hertracker.com\/wp-content\/uploads\/2025\/02\/Play-Store.png\" class=\"attachment-large size-large wp-image-1568\" alt=\"\" srcset=\"https:\/\/hertracker.com\/wp-content\/uploads\/2025\/02\/Play-Store.png 800w, https:\/\/hertracker.com\/wp-content\/uploads\/2025\/02\/Play-Store-300x89.png 300w, https:\/\/hertracker.com\/wp-content\/uploads\/2025\/02\/Play-Store-768x228.png 768w, https:\/\/hertracker.com\/wp-content\/uploads\/2025\/02\/Play-Store-18x5.png 18w\" sizes=\"(max-width: 800px) 100vw, 800px\" \/>\t\t\t\t\t\t\t\t<\/a>\n\t\t\t\t\t\t\t\t\t\t\t\t\t\t\t<\/div>\n\t\t\t\t<\/div>\n\t\t\t\t<\/div>\n\t\t\t\t\t<\/div>\n\t\t\t\t<\/div>\n\t\t<div class=\"elementor-element elementor-element-5cea34d1 e-flex e-con-boxed e-con e-parent\" data-id=\"5cea34d1\" data-element_type=\"container\" data-settings=\"{&quot;background_background&quot;:&quot;classic&quot;,&quot;shape_divider_top&quot;:&quot;curve-asymmetrical&quot;}\">\n\t\t\t\t\t<div class=\"e-con-inner\">\n\t\t\t\t<div class=\"elementor-shape elementor-shape-top\" aria-hidden=\"true\" data-negative=\"false\">\n\t\t\t<svg xmlns=\"http:\/\/www.w3.org\/2000\/svg\" viewbox=\"0 0 1000 100\" preserveaspectratio=\"none\">\n\t<path class=\"elementor-shape-fill\" d=\"M0,0c0,0,0,6,0,6.7c0,18,240.2,93.6,615.2,92.6C989.8,98.5,1000,25,1000,6.7c0-0.7,0-6.7,0-6.7H0z\"\/>\n<\/svg>\t\t<\/div>\n\t\t<div class=\"elementor-element elementor-element-1c430e9a e-flex e-con-boxed e-con e-child\" data-id=\"1c430e9a\" data-element_type=\"container\" data-settings=\"{&quot;animation&quot;:&quot;none&quot;,&quot;animation_mobile&quot;:&quot;fadeInDown&quot;}\">\n\t\t\t\t\t<div class=\"e-con-inner\">\n\t\t\t\t<div class=\"elementor-element elementor-element-67dd261c elementor-widget elementor-widget-heading\" data-id=\"67dd261c\" data-element_type=\"widget\" data-widget_type=\"heading.default\">\n\t\t\t\t<div class=\"elementor-widget-container\">\n\t\t\t\t\t<h6 class=\"elementor-heading-title elementor-size-default\">Nu doar un tracker pentru menstrua\u021bie.<\/h6>\t\t\t\t<\/div>\n\t\t\t\t<\/div>\n\t\t\t\t<div class=\"elementor-element elementor-element-308a477d elementor-widget elementor-widget-heading\" data-id=\"308a477d\" data-element_type=\"widget\" data-widget_type=\"heading.default\">\n\t\t\t\t<div class=\"elementor-widget-container\">\n\t\t\t\t\t<h2 class=\"elementor-heading-title elementor-size-default\">Recunoa\u0219terea faptului c\u0103 ciclul t\u0103u influen\u021beaz\u0103 via\u021ba de zi cu zi<\/h2>\t\t\t\t<\/div>\n\t\t\t\t<\/div>\n\t\t\t\t\t<\/div>\n\t\t\t\t<\/div>\n\t\t<div class=\"elementor-element elementor-element-25bd805b e-con-full e-flex elementor-invisible e-con e-child\" data-id=\"25bd805b\" data-element_type=\"container\" data-settings=\"{&quot;background_background&quot;:&quot;classic&quot;,&quot;animation&quot;:&quot;fadeIn&quot;,&quot;animation_mobile&quot;:&quot;fadeIn&quot;}\">\n\t\t\t\t<div class=\"elementor-element elementor-element-a5c8422 elementor-widget elementor-widget-image\" data-id=\"a5c8422\" data-element_type=\"widget\" data-no-translation=\"\" data-widget_type=\"image.default\">\n\t\t\t\t<div class=\"elementor-widget-container\">\n\t\t\t\t\t<style>.elementor-element-a5c8422{display:none !important}<\/style>\t\t\t\t<\/div>\n\t\t\t\t<\/div>\n\t\t\t\t<div class=\"elementor-element elementor-element-f0c7c28 elementor-widget elementor-widget-image\" data-id=\"f0c7c28\" data-element_type=\"widget\" data-no-translation=\"\" data-widget_type=\"image.default\">\n\t\t\t\t<div class=\"elementor-widget-container\">\n\t\t\t\t\t\t\t\t\t\t\t\t\t\t\t<img loading=\"lazy\" decoding=\"async\" width=\"512\" height=\"512\" src=\"https:\/\/hertracker.com\/wp-content\/uploads\/2024\/10\/cross-2.png\" class=\"attachment-large size-large wp-image-1229\" alt=\"\" srcset=\"https:\/\/hertracker.com\/wp-content\/uploads\/2024\/10\/cross-2.png 512w, https:\/\/hertracker.com\/wp-content\/uploads\/2024\/10\/cross-2-300x300.png 300w, https:\/\/hertracker.com\/wp-content\/uploads\/2024\/10\/cross-2-150x150.png 150w, https:\/\/hertracker.com\/wp-content\/uploads\/2024\/10\/cross-2-12x12.png 12w\" sizes=\"(max-width: 512px) 100vw, 512px\" \/>\t\t\t\t\t\t\t\t\t\t\t\t\t\t\t<\/div>\n\t\t\t\t<\/div>\n\t\t\t\t<div class=\"elementor-element elementor-element-6df9ca29 elementor-widget elementor-widget-heading\" data-id=\"6df9ca29\" data-element_type=\"widget\" data-widget_type=\"heading.default\">\n\t\t\t\t<div class=\"elementor-widget-container\">\n\t\t\t\t\t<h4 class=\"elementor-heading-title elementor-size-default\">Inspira\u021bie zilnic\u0103<\/h4>\t\t\t\t<\/div>\n\t\t\t\t<\/div>\n\t\t\t\t<div class=\"elementor-element elementor-element-5cfdfc37 elementor-widget elementor-widget-heading\" data-id=\"5cfdfc37\" data-element_type=\"widget\" data-widget_type=\"heading.default\">\n\t\t\t\t<div class=\"elementor-widget-container\">\n\t\t\t\t\t<div class=\"elementor-heading-title elementor-size-default\">Bucur\u0103-te de inspira\u021bie specific\u0103 ciclului pentru a r\u0103m\u00e2ne motivat\u0103 \u00een fiecare zi, \u00eembun\u0103t\u0103\u021bindu-\u021bi productivitatea \u0219i starea de spirit.<\/div>\t\t\t\t<\/div>\n\t\t\t\t<\/div>\n\t\t\t\t<\/div>\n\t\t<div class=\"elementor-element elementor-element-1806ce6a e-con-full e-flex elementor-invisible e-con e-child\" data-id=\"1806ce6a\" data-element_type=\"container\" data-settings=\"{&quot;background_background&quot;:&quot;classic&quot;,&quot;animation&quot;:&quot;fadeIn&quot;,&quot;animation_mobile&quot;:&quot;fadeIn&quot;}\">\n\t\t\t\t<div class=\"elementor-element elementor-element-ace3be8 elementor-widget elementor-widget-image\" data-id=\"ace3be8\" data-element_type=\"widget\" data-widget_type=\"image.default\">\n\t\t\t\t<div class=\"elementor-widget-container\">\n\t\t\t\t\t\t\t\t\t\t\t\t\t\t\t<img loading=\"lazy\" decoding=\"async\" width=\"512\" height=\"512\" src=\"https:\/\/hertracker.com\/wp-content\/uploads\/2024\/10\/chain-1.png\" class=\"attachment-large size-large wp-image-1228\" alt=\"\" srcset=\"https:\/\/hertracker.com\/wp-content\/uploads\/2024\/10\/chain-1.png 512w, https:\/\/hertracker.com\/wp-content\/uploads\/2024\/10\/chain-1-300x300.png 300w, https:\/\/hertracker.com\/wp-content\/uploads\/2024\/10\/chain-1-150x150.png 150w, https:\/\/hertracker.com\/wp-content\/uploads\/2024\/10\/chain-1-12x12.png 12w\" sizes=\"(max-width: 512px) 100vw, 512px\" \/>\t\t\t\t\t\t\t\t\t\t\t\t\t\t\t<\/div>\n\t\t\t\t<\/div>\n\t\t\t\t<div class=\"elementor-element elementor-element-6ba6521d elementor-widget elementor-widget-heading\" data-id=\"6ba6521d\" data-element_type=\"widget\" data-widget_type=\"heading.default\">\n\t\t\t\t<div class=\"elementor-widget-container\">\n\t\t\t\t\t<h4 class=\"elementor-heading-title elementor-size-default\">Urm\u0103re\u0219te Obiceiurile<\/h4>\t\t\t\t<\/div>\n\t\t\t\t<\/div>\n\t\t\t\t<div class=\"elementor-element elementor-element-392ea961 elementor-widget elementor-widget-heading\" data-id=\"392ea961\" data-element_type=\"widget\" data-widget_type=\"heading.default\">\n\t\t\t\t<div class=\"elementor-widget-container\">\n\t\t\t\t\t<div class=\"elementor-heading-title elementor-size-default\">Urm\u0103re\u0219te-\u021bi obiceiurile al\u0103turi de ciclul menstrual pentru a ob\u021bine informa\u021bii personalizate.<\/div>\t\t\t\t<\/div>\n\t\t\t\t<\/div>\n\t\t\t\t<\/div>\n\t\t<div class=\"elementor-element elementor-element-0cd5d3c e-con-full e-flex elementor-invisible e-con e-child\" data-id=\"0cd5d3c\" data-element_type=\"container\" data-settings=\"{&quot;background_background&quot;:&quot;classic&quot;,&quot;animation&quot;:&quot;fadeIn&quot;,&quot;animation_mobile&quot;:&quot;fadeIn&quot;}\">\n\t\t\t\t<div class=\"elementor-element elementor-element-b1beaab elementor-widget elementor-widget-image\" data-id=\"b1beaab\" data-element_type=\"widget\" data-widget_type=\"image.default\">\n\t\t\t\t<div class=\"elementor-widget-container\">\n\t\t\t\t\t\t\t\t\t\t\t\t\t\t\t<img loading=\"lazy\" decoding=\"async\" width=\"512\" height=\"512\" src=\"https:\/\/hertracker.com\/wp-content\/uploads\/2024\/10\/lightbulb.png\" class=\"attachment-medium_large size-medium_large wp-image-1226\" alt=\"\" srcset=\"https:\/\/hertracker.com\/wp-content\/uploads\/2024\/10\/lightbulb.png 512w, https:\/\/hertracker.com\/wp-content\/uploads\/2024\/10\/lightbulb-300x300.png 300w, https:\/\/hertracker.com\/wp-content\/uploads\/2024\/10\/lightbulb-150x150.png 150w, https:\/\/hertracker.com\/wp-content\/uploads\/2024\/10\/lightbulb-12x12.png 12w\" sizes=\"(max-width: 512px) 100vw, 512px\" \/>\t\t\t\t\t\t\t\t\t\t\t\t\t\t\t<\/div>\n\t\t\t\t<\/div>\n\t\t\t\t<div class=\"elementor-element elementor-element-854eb67 elementor-widget elementor-widget-heading\" data-id=\"854eb67\" data-element_type=\"widget\" data-widget_type=\"heading.default\">\n\t\t\t\t<div class=\"elementor-widget-container\">\n\t\t\t\t\t<h4 class=\"elementor-heading-title elementor-size-default\">Informa\u021bii personalizate<\/h4>\t\t\t\t<\/div>\n\t\t\t\t<\/div>\n\t\t\t\t<div class=\"elementor-element elementor-element-6a0f62b elementor-widget elementor-widget-heading\" data-id=\"6a0f62b\" data-element_type=\"widget\" data-widget_type=\"heading.default\">\n\t\t\t\t<div class=\"elementor-widget-container\">\n\t\t\t\t\t<div class=\"elementor-heading-title elementor-size-default\">Prime\u0219te sfaturi \u0219i informa\u021bii personalizate, specifice fiec\u0103rei faze a ciclului t\u0103u menstrual.<\/div>\t\t\t\t<\/div>\n\t\t\t\t<\/div>\n\t\t\t\t<\/div>\n\t\t\t\t\t<\/div>\n\t\t\t\t<\/div>\n\t\t<div class=\"elementor-element elementor-element-9fe599b e-flex e-con-boxed e-con e-parent\" data-id=\"9fe599b\" data-element_type=\"container\">\n\t\t\t\t\t<div class=\"e-con-inner\">\n\t\t\t\t\t<\/div>\n\t\t\t\t<\/div>\n\t\t\t\t<\/div>","protected":false},"excerpt":{"rendered":"<p>Your cycle means more than you think Blooming in your cycle Build strong habits, track your cycle, and stay inspired every day. Not just a period tracker Recognizing that your cycle affects daily life Daily Inspiration Enjoy cycle-specific inspiration to stay motivated every day, enhancing your productivity and mood. Track Habits Track your habits alongside [&hellip;]<\/p>","protected":false},"author":1,"featured_media":0,"parent":0,"menu_order":0,"comment_status":"closed","ping_status":"closed","template":"","meta":{"give_campaign_id":0,"footnotes":""},"class_list":["post-87","page","type-page","status-publish","hentry"],"campaignId":"","_links":{"self":[{"href":"https:\/\/hertracker.com\/ro\/wp-json\/wp\/v2\/pages\/87","targetHints":{"allow":["GET"]}}],"collection":[{"href":"https:\/\/hertracker.com\/ro\/wp-json\/wp\/v2\/pages"}],"about":[{"href":"https:\/\/hertracker.com\/ro\/wp-json\/wp\/v2\/types\/page"}],"author":[{"embeddable":true,"href":"https:\/\/hertracker.com\/ro\/wp-json\/wp\/v2\/users\/1"}],"replies":[{"embeddable":true,"href":"https:\/\/hertracker.com\/ro\/wp-json\/wp\/v2\/comments?post=87"}],"version-history":[{"count":5,"href":"https:\/\/hertracker.com\/ro\/wp-json\/wp\/v2\/pages\/87\/revisions"}],"predecessor-version":[{"id":1596,"href":"https:\/\/hertracker.com\/ro\/wp-json\/wp\/v2\/pages\/87\/revisions\/1596"}],"wp:attachment":[{"href":"https:\/\/hertracker.com\/ro\/wp-json\/wp\/v2\/media?parent=87"}],"curies":[{"name":"wp","href":"https:\/\/api.w.org\/{rel}","templated":true}]}}